{"id":60,"date":"2020-10-11T14:51:35","date_gmt":"2020-10-11T14:51:35","guid":{"rendered":"http:\/\/marszalek.xyz\/?page_id=60"},"modified":"2020-10-12T17:34:12","modified_gmt":"2020-10-12T17:34:12","slug":"jakie-kroki-powinno-sie-podejmowac-by-oszczedzac-energie","status":"publish","type":"page","link":"https:\/\/marszalek.xyz\/","title":{"rendered":"Jakie kroki powinno si\u0119 podejmowa\u0107 by oszcz\u0119dza\u0107 energi\u0119?"},"content":{"rendered":"\n<p class=\"has-medium-font-size\">Pr\u0105d, woda, ogrzewanie to g\u0142\u00f3wne \u017ar\u00f3d\u0142a domowych rachunk\u00f3w. W ka\u017cdym z tych trzech obszar\u00f3w mo\u017cna podj\u0105\u0107 odpowiednie kroki, by zmniejszy\u0107 koszty utrzymania domu i odci\u0105\u017cy\u0107 rodzinny bud\u017cet. Poznajmy je wszystkie i sprawmy, by nasz dom sta\u0142 si\u0119 energooszcz\u0119dny. Przejd\u017amy do konkret\u00f3w.<\/p>\n\n\n\n<figure class=\"wp-block-embed-wordpress wp-block-embed is-type-wp-embed is-provider-biologia\"><div class=\"wp-block-embed__wrapper\">\n<blockquote class=\"wp-embedded-content\" data-secret=\"gQB9e9A7yi\"><a href=\"http:\/\/marszalek.xyz\/index.php\/2020\/10\/11\/oszczedzajmy-energiepoziom-1-zmienmy-swoje-nawyki\/\">OSZCZ\u0118DZAJMY ENERGI\u0118Poziom 1: Zmie\u0144my swoje nawyki<\/a><\/blockquote><iframe class=\"wp-embedded-content\" sandbox=\"allow-scripts\" security=\"restricted\" style=\"position: absolute; clip: rect(1px, 1px, 1px, 1px);\" title=\"&#8222;OSZCZ\u0118DZAJMY ENERGI\u0118&lt;br&gt;&lt;strong&gt;Poziom 1: Zmie\u0144my swoje nawyki&lt;\/strong&gt;&#8221; &#8212; Biologia\" src=\"http:\/\/marszalek.xyz\/index.php\/2020\/10\/11\/oszczedzajmy-energiepoziom-1-zmienmy-swoje-nawyki\/embed\/#?secret=gQB9e9A7yi\" data-secret=\"gQB9e9A7yi\" width=\"500\" height=\"282\" frameborder=\"0\" marginwidth=\"0\" marginheight=\"0\" scrolling=\"no\"><\/iframe>\n<\/div><\/figure>\n\n\n\n<figure class=\"wp-block-embed-wordpress wp-block-embed is-type-wp-embed is-provider-biologia\"><div class=\"wp-block-embed__wrapper\">\n<blockquote class=\"wp-embedded-content\" data-secret=\"x3jZs2Utwj\"><a href=\"http:\/\/marszalek.xyz\/index.php\/2020\/10\/11\/oszczedzajmy-energiepoziom-2-sprawdzamy-dzialanie-instalacji-grzewczej-oraz-urzadzen-elektronicznych\/\">OSZCZ\u0118DZAJMY ENERGI\u0118Poziom 2: Sprawdzamy dzia\u0142anie instalacji grzewczej oraz urz\u0105dze\u0144 elektronicznych<\/a><\/blockquote><iframe class=\"wp-embedded-content\" sandbox=\"allow-scripts\" security=\"restricted\" style=\"position: absolute; clip: rect(1px, 1px, 1px, 1px);\" title=\"&#8222;OSZCZ\u0118DZAJMY ENERGI\u0118&lt;br&gt;&lt;strong&gt;Poziom 2: Sprawdzamy dzia\u0142anie instalacji grzewczej oraz urz\u0105dze\u0144 elektronicznych&lt;\/strong&gt;&#8221; &#8212; Biologia\" src=\"http:\/\/marszalek.xyz\/index.php\/2020\/10\/11\/oszczedzajmy-energiepoziom-2-sprawdzamy-dzialanie-instalacji-grzewczej-oraz-urzadzen-elektronicznych\/embed\/#?secret=x3jZs2Utwj\" data-secret=\"x3jZs2Utwj\" width=\"500\" height=\"282\" frameborder=\"0\" marginwidth=\"0\" marginheight=\"0\" scrolling=\"no\"><\/iframe>\n<\/div><\/figure>\n\n\n\n<figure class=\"wp-block-embed-wordpress wp-block-embed is-type-wp-embed is-provider-biologia\"><div class=\"wp-block-embed__wrapper\">\n<blockquote class=\"wp-embedded-content\" data-secret=\"2rw3l1S4gs\"><a href=\"http:\/\/marszalek.xyz\/index.php\/2020\/10\/11\/oszczedzajmy-energiepoziom-3-wykorzystajmy-dodatkowe-mozliwosci\/\">OSZCZ\u0118DZAJMY ENERGI\u0118Poziom 3: Wykorzystajmy dodatkowe mo\u017cliwo\u015bci<\/a><\/blockquote><iframe class=\"wp-embedded-content\" sandbox=\"allow-scripts\" security=\"restricted\" style=\"position: absolute; clip: rect(1px, 1px, 1px, 1px);\" title=\"&#8222;OSZCZ\u0118DZAJMY ENERGI\u0118&lt;br&gt;&lt;strong&gt;Poziom 3: Wykorzystajmy dodatkowe mo\u017cliwo\u015bci&lt;\/strong&gt;&#8221; &#8212; Biologia\" src=\"http:\/\/marszalek.xyz\/index.php\/2020\/10\/11\/oszczedzajmy-energiepoziom-3-wykorzystajmy-dodatkowe-mozliwosci\/embed\/#?secret=2rw3l1S4gs\" data-secret=\"2rw3l1S4gs\" width=\"500\" height=\"282\" frameborder=\"0\" marginwidth=\"0\" marginheight=\"0\" scrolling=\"no\"><\/iframe>\n<\/div><\/figure>\n\n\n\n<figure class=\"wp-block-embed-wordpress wp-block-embed is-type-wp-embed is-provider-biologia\"><div class=\"wp-block-embed__wrapper\">\n<blockquote class=\"wp-embedded-content\" data-secret=\"yHk6dCKEev\"><a href=\"http:\/\/marszalek.xyz\/index.php\/2020\/10\/11\/oszczedzajmy-energiepoziom-4-wymienmy-stary-sprzet-elektroniczny-na-nowy\/\">OSZCZ\u0118DZAJMY ENERGI\u0118Poziom 4: Wymie\u0144my stary sprz\u0119t elektroniczny na nowy<\/a><\/blockquote><iframe class=\"wp-embedded-content\" sandbox=\"allow-scripts\" security=\"restricted\" style=\"position: absolute; clip: rect(1px, 1px, 1px, 1px);\" title=\"&#8222;OSZCZ\u0118DZAJMY ENERGI\u0118&lt;br&gt;&lt;strong&gt;Poziom 4: Wymie\u0144my stary sprz\u0119t elektroniczny na nowy&lt;\/strong&gt;&#8221; &#8212; Biologia\" src=\"http:\/\/marszalek.xyz\/index.php\/2020\/10\/11\/oszczedzajmy-energiepoziom-4-wymienmy-stary-sprzet-elektroniczny-na-nowy\/embed\/#?secret=yHk6dCKEev\" data-secret=\"yHk6dCKEev\" width=\"500\" height=\"282\" frameborder=\"0\" marginwidth=\"0\" marginheight=\"0\" scrolling=\"no\"><\/iframe>\n<\/div><\/figure>\n\n\n\n<p class=\"has-medium-font-size\"><strong><span class=\"has-inline-color has-vivid-green-cyan-color\">Oszcz\u0119dzajmy na wydatkach i cieszmy si\u0119 komfortem na co dzie\u0144<\/span><\/strong><\/p>\n\n\n\n<p class=\"has-medium-font-size\">Zliczanie domowych rachunk\u00f3w mo\u017ce przyprawi\u0107 o b\u00f3l g\u0142owy. Zw\u0142aszcza zim\u0105, kiedy ogrzewanie pracuje na okr\u0105g\u0142o, a na zewn\u0105trz szybciej zapada zmrok. Na szcz\u0119\u015bcie istnieje wiele sposob\u00f3w na oszcz\u0119dzanie energii. Oczywi\u015bcie wiadomo, \u017ce wp\u0142yw konkretnych strategii jest r\u00f3\u017cny, poniewa\u017c niekt\u00f3re zmiany robi\u0105 wi\u0119ksz\u0105 r\u00f3\u017cnic\u0119, podczas kiedy inne nie wp\u0142ywaj\u0105 ju\u017c tak silnie na rachunki. S\u0105 w\u015br\u00f3d nich zar\u00f3wno rozwi\u0105zania, kt\u00f3re mo\u017cna wdro\u017cy\u0107 od razu (praktycznie bez \u017cadnych koszt\u00f3w), jak i takie, kt\u00f3re wymagaj\u0105 wi\u0119kszego zaanga\u017cowania czasowego i finansowego. Opisane wy\u017cej rozwi\u0105zania bardzo szybko si\u0119 jednak zwracaj\u0105, dlatego warto potraktowa\u0107 je jak inwestycj\u0119, nie jak wydatek.<\/p>\n","protected":false},"excerpt":{"rendered":"<p>Pr\u0105d, woda, ogrzewanie to g\u0142\u00f3wne \u017ar\u00f3d\u0142a domowych rachunk\u00f3w. W ka\u017cdym z tych trzech obszar\u00f3w mo\u017cna podj\u0105\u0107 odpowiednie kroki, by zmniejszy\u0107 koszty utrzymania domu i odci\u0105\u017cy\u0107 rodzinny bud\u017cet. Poznajmy je wszystkie i sprawmy, by nasz dom sta\u0142 si\u0119 energooszcz\u0119dny. Przejd\u017amy do konkret\u00f3w. Oszcz\u0119dzajmy na wydatkach i cieszmy si\u0119 komfortem na co dzie\u0144 Zliczanie domowych rachunk\u00f3w mo\u017ce [&hellip;]<\/p>\n","protected":false},"author":1,"featured_media":0,"parent":0,"menu_order":0,"comment_status":"closed","ping_status":"closed","template":"","meta":[],"_links":{"self":[{"href":"https:\/\/marszalek.xyz\/index.php\/wp-json\/wp\/v2\/pages\/60"}],"collection":[{"href":"https:\/\/marszalek.xyz\/index.php\/wp-json\/wp\/v2\/pages"}],"about":[{"href":"https:\/\/marszalek.xyz\/index.php\/wp-json\/wp\/v2\/types\/page"}],"author":[{"embeddable":true,"href":"https:\/\/marszalek.xyz\/index.php\/wp-json\/wp\/v2\/users\/1"}],"replies":[{"embeddable":true,"href":"https:\/\/marszalek.xyz\/index.php\/wp-json\/wp\/v2\/comments?post=60"}],"version-history":[{"count":2,"href":"https:\/\/marszalek.xyz\/index.php\/wp-json\/wp\/v2\/pages\/60\/revisions"}],"predecessor-version":[{"id":81,"href":"https:\/\/marszalek.xyz\/index.php\/wp-json\/wp\/v2\/pages\/60\/revisions\/81"}],"wp:attachment":[{"href":"https:\/\/marszalek.xyz\/index.php\/wp-json\/wp\/v2\/media?parent=60"}],"curies":[{"name":"wp","href":"https:\/\/api.w.org\/{rel}","templated":true}]}}